{"id":6389,"date":"2024-03-25T07:51:19","date_gmt":"2024-03-25T06:51:19","guid":{"rendered":"https:\/\/skillhunter.fr\/our-offers\/"},"modified":"2025-04-28T15:36:39","modified_gmt":"2025-04-28T13:36:39","slug":"our-offers","status":"publish","type":"page","link":"https:\/\/skillhunter.fr\/en\/our-offers\/","title":{"rendered":"Our offers"},"content":{"rendered":"\n<div class=\"wp-block-uagb-advanced-heading uagb-block-769452cf\"><h1 class=\"uagb-heading-text\">Our offers<\/h1><\/div>\n\n<div style=\"height:5.6rem\" aria-hidden=\"true\" class=\"wp-block-spacer\"><\/div>\n\n<svg xmlns=\"http:\/\/www.w3.org\/2000\/svg\" width=\"742\" height=\"610\" viewbox=\"0 0 742 610\" fill=\"none\" class=\"svg-element circle-menu-first-lvl\">\n<circle opacity=\"0.06\" cx=\"766.008\" cy=\"-155.41\" r=\"764.172\" transform=\"rotate(-90 766.008 -155.41)\" stroke=\"#093118\" stroke-width=\"2\"><\/circle>\n<circle opacity=\"0.06\" cx=\"766.009\" cy=\"-155.411\" r=\"614.789\" transform=\"rotate(-90 766.009 -155.411)\" stroke=\"#093118\" stroke-width=\"2\"><\/circle>\n<circle opacity=\"0.06\" cx=\"766.009\" cy=\"-155.409\" r=\"465.406\" transform=\"rotate(-90 766.009 -155.409)\" stroke=\"#093118\" stroke-width=\"2\"><\/circle>\n<circle opacity=\"0.06\" cx=\"766.009\" cy=\"-155.411\" r=\"302.745\" transform=\"rotate(-90 766.009 -155.411)\" stroke=\"#093118\" stroke-width=\"2\"><\/circle>\n<\/svg>\n\n<div class=\"wp-block-uagb-info-box uagb-block-5b158f4a uagb-infobox__content-wrap  uagb-infobox_cta-type-all uagb-infobox-icon-above-title uagb-infobox-image-valign-top wp-block-uagb-info-box--has-margin info-box-menu\"><div class=\"uagb-infobox-margin-wrapper\"><a href=\"https:\/\/skillhunter.fr\/nos-offres\/recrutement-cdi\/\" class=\"uagb-infobox-link-wrap uagb-infbox__link-to-all\" target=\"_self\" aria-label=\"Infobox Link\" rel=\"noopener noreferrer\" onclick=\"return true;\"><\/a><div class=\"uagb-ifb-content\"><div class=\"uagb-ifb-title-wrap\"><h3 class=\"uagb-ifb-title\">Permanent recruitment \u2192<\/h3><\/div><div class=\"uagb-ifb-separator\"><\/div><p class=\"uagb-ifb-desc\">Our permanent recruitment service focuses on selecting qualified and motivated candidates for your permanent positions.<\/p><div class=\"uagb-ifb-button-wrapper wp-block-button\"><\/div><\/div><\/div><\/div>\n\n<div class=\"wp-block-uagb-info-box uagb-block-38e343f2 uagb-infobox__content-wrap  uagb-infobox_cta-type-all uagb-infobox-icon-above-title uagb-infobox-image-valign-top wp-block-uagb-info-box--has-margin info-box-menu\"><div class=\"uagb-infobox-margin-wrapper\"><a href=\"https:\/\/skillhunter.fr\/nos-offres\/recrutement-freelance\/\" class=\"uagb-infobox-link-wrap uagb-infbox__link-to-all\" target=\"_self\" aria-label=\"Infobox Link\" rel=\"noopener noreferrer\" onclick=\"return true;\"><\/a><div class=\"uagb-ifb-content\"><div class=\"uagb-ifb-title-wrap\"><h3 class=\"uagb-ifb-title\">Freelance Recruitment \u2192<\/h3><\/div><div class=\"uagb-ifb-separator\"><\/div><p class=\"uagb-ifb-desc\">We identify the best freelance talent, allowing you to benefit from key skills for your projects.<\/p><div class=\"uagb-ifb-button-wrapper wp-block-button\"><\/div><\/div><\/div><\/div>\n\n<div class=\"wp-block-uagb-info-box uagb-block-fc3eb5e0 uagb-infobox__content-wrap  uagb-infobox_cta-type-all uagb-infobox-icon-above-title uagb-infobox-image-valign-top info-box-menu\"><a href=\"https:\/\/skillhunter.fr\/nos-offres\/executive-search\/\" class=\"uagb-infobox-link-wrap uagb-infbox__link-to-all\" target=\"_self\" aria-label=\"Infobox Link\" rel=\"noopener noreferrer\" onclick=\"return true;\"><\/a><div class=\"uagb-ifb-content\"><div class=\"uagb-ifb-title-wrap\"><h3 class=\"uagb-ifb-title\">Executive Search \u2192<\/h3><\/div><div class=\"uagb-ifb-separator\"><\/div><p class=\"uagb-ifb-desc\">We specialize in identifying the best leaders to guide your business to success.<\/p><div class=\"uagb-ifb-button-wrapper wp-block-button\"><\/div><\/div><\/div>\n\n<div style=\"height:5.6rem\" aria-hidden=\"true\" class=\"wp-block-spacer\"><\/div>\n","protected":false},"excerpt":{"rendered":"<p>Our offers<\/p>\n","protected":false},"author":1,"featured_media":0,"parent":0,"menu_order":0,"comment_status":"closed","ping_status":"closed","template":"","meta":{"inline_featured_image":false,"_uag_custom_page_level_css":"","site-sidebar-layout":"default","site-content-layout":"","ast-site-content-layout":"","site-content-style":"default","site-sidebar-style":"default","ast-global-header-display":"","ast-banner-title-visibility":"","ast-main-header-display":"","ast-hfb-above-header-display":"","ast-hfb-below-header-display":"","ast-hfb-mobile-header-display":"","site-post-title":"disabled","ast-breadcrumbs-content":"","ast-featured-img":"","footer-sml-layout":"","theme-transparent-header-meta":"","adv-header-id-meta":"","stick-header-meta":"","header-above-stick-meta":"","header-main-stick-meta":"","header-below-stick-meta":"","astra-migrate-meta-layouts":"default","ast-page-background-enabled":"default","ast-page-background-meta":{"desktop":{"background-color":"var(--ast-global-color-4)","background-image":"","background-repeat":"repeat","background-position":"center center","background-size":"auto","background-attachment":"scroll","background-type":"","background-media":"","overlay-type":"","overlay-color":"","overlay-opacity":"","overlay-gradient":""},"tablet":{"background-color":"","background-image":"","background-repeat":"repeat","background-position":"center center","background-size":"auto","background-attachment":"scroll","background-type":"","background-media":"","overlay-type":"","overlay-color":"","overlay-opacity":"","overlay-gradient":""},"mobile":{"background-color":"","background-image":"","background-repeat":"repeat","background-position":"center center","background-size":"auto","background-attachment":"scroll","background-type":"","background-media":"","overlay-type":"","overlay-color":"","overlay-opacity":"","overlay-gradient":""}},"ast-content-background-meta":{"desktop":{"background-color":"var(--ast-global-color-5)","background-image":"","background-repeat":"repeat","background-position":"center center","background-size":"auto","background-attachment":"scroll","background-type":"","background-media":"","overlay-type":"","overlay-color":"","overlay-opacity":"","overlay-gradient":""},"tablet":{"background-color":"var(--ast-global-color-5)","background-image":"","background-repeat":"repeat","background-position":"center center","background-size":"auto","background-attachment":"scroll","background-type":"","background-media":"","overlay-type":"","overlay-color":"","overlay-opacity":"","overlay-gradient":""},"mobile":{"background-color":"var(--ast-global-color-5)","background-image":"","background-repeat":"repeat","background-position":"center center","background-size":"auto","background-attachment":"scroll","background-type":"","background-media":"","overlay-type":"","overlay-color":"","overlay-opacity":"","overlay-gradient":""}},"footnotes":""},"class_list":["post-6389","page","type-page","status-publish","hentry"],"yoast_head":"<!-- This site is optimized with the Yoast SEO plugin v26.8 - https:\/\/yoast.com\/product\/yoast-seo-wordpress\/ -->\n<title>Our offers - Skill Hunter<\/title>\n<meta name=\"robots\" content=\"index, follow, max-snippet:-1, max-image-preview:large, max-video-preview:-1\" \/>\n<link rel=\"canonical\" href=\"https:\/\/skillhunter.fr\/en\/our-offers\/\" \/>\n<meta property=\"og:locale\" content=\"en_US\" \/>\n<meta property=\"og:type\" content=\"article\" \/>\n<meta property=\"og:title\" content=\"Our offers - Skill Hunter\" \/>\n<meta property=\"og:description\" content=\"Our offers\" \/>\n<meta property=\"og:url\" content=\"https:\/\/skillhunter.fr\/en\/our-offers\/\" \/>\n<meta property=\"og:site_name\" content=\"Skill Hunter\" \/>\n<meta property=\"article:modified_time\" content=\"2025-04-28T13:36:39+00:00\" \/>\n<meta name=\"twitter:card\" content=\"summary_large_image\" \/>\n<script type=\"application\/ld+json\" class=\"yoast-schema-graph\">{\"@context\":\"https:\/\/schema.org\",\"@graph\":[{\"@type\":\"WebPage\",\"@id\":\"https:\/\/skillhunter.fr\/en\/our-offers\/\",\"url\":\"https:\/\/skillhunter.fr\/en\/our-offers\/\",\"name\":\"Our offers - Skill Hunter\",\"isPartOf\":{\"@id\":\"https:\/\/skillhunter.fr\/#website\"},\"datePublished\":\"2024-03-25T06:51:19+00:00\",\"dateModified\":\"2025-04-28T13:36:39+00:00\",\"breadcrumb\":{\"@id\":\"https:\/\/skillhunter.fr\/en\/our-offers\/#breadcrumb\"},\"inLanguage\":\"en-US\",\"potentialAction\":[{\"@type\":\"ReadAction\",\"target\":[\"https:\/\/skillhunter.fr\/en\/our-offers\/\"]}]},{\"@type\":\"BreadcrumbList\",\"@id\":\"https:\/\/skillhunter.fr\/en\/our-offers\/#breadcrumb\",\"itemListElement\":[{\"@type\":\"ListItem\",\"position\":1,\"name\":\"Accueil\",\"item\":\"https:\/\/skillhunter.fr\/en\/\"},{\"@type\":\"ListItem\",\"position\":2,\"name\":\"Our offers\"}]},{\"@type\":\"WebSite\",\"@id\":\"https:\/\/skillhunter.fr\/#website\",\"url\":\"https:\/\/skillhunter.fr\/\",\"name\":\"Skill Hunter\",\"description\":\"\",\"publisher\":{\"@id\":\"https:\/\/skillhunter.fr\/#organization\"},\"potentialAction\":[{\"@type\":\"SearchAction\",\"target\":{\"@type\":\"EntryPoint\",\"urlTemplate\":\"https:\/\/skillhunter.fr\/?s={search_term_string}\"},\"query-input\":{\"@type\":\"PropertyValueSpecification\",\"valueRequired\":true,\"valueName\":\"search_term_string\"}}],\"inLanguage\":\"en-US\"},{\"@type\":\"Organization\",\"@id\":\"https:\/\/skillhunter.fr\/#organization\",\"name\":\"Skill Hunter\",\"url\":\"https:\/\/skillhunter.fr\/\",\"logo\":{\"@type\":\"ImageObject\",\"inLanguage\":\"en-US\",\"@id\":\"https:\/\/skillhunter.fr\/#\/schema\/logo\/image\/\",\"url\":\"https:\/\/skillhunter.fr\/wp-content\/uploads\/2024\/03\/skilllogo_dark_green.png\",\"contentUrl\":\"https:\/\/skillhunter.fr\/wp-content\/uploads\/2024\/03\/skilllogo_dark_green.png\",\"width\":434,\"height\":434,\"caption\":\"Skill Hunter\"},\"image\":{\"@id\":\"https:\/\/skillhunter.fr\/#\/schema\/logo\/image\/\"}}]}<\/script>\n<!-- \/ Yoast SEO plugin. -->","yoast_head_json":{"title":"Our offers - Skill Hunter","robots":{"index":"index","follow":"follow","max-snippet":"max-snippet:-1","max-image-preview":"max-image-preview:large","max-video-preview":"max-video-preview:-1"},"canonical":"https:\/\/skillhunter.fr\/en\/our-offers\/","og_locale":"en_US","og_type":"article","og_title":"Our offers - Skill Hunter","og_description":"Our offers","og_url":"https:\/\/skillhunter.fr\/en\/our-offers\/","og_site_name":"Skill Hunter","article_modified_time":"2025-04-28T13:36:39+00:00","twitter_card":"summary_large_image","schema":{"@context":"https:\/\/schema.org","@graph":[{"@type":"WebPage","@id":"https:\/\/skillhunter.fr\/en\/our-offers\/","url":"https:\/\/skillhunter.fr\/en\/our-offers\/","name":"Our offers - Skill Hunter","isPartOf":{"@id":"https:\/\/skillhunter.fr\/#website"},"datePublished":"2024-03-25T06:51:19+00:00","dateModified":"2025-04-28T13:36:39+00:00","breadcrumb":{"@id":"https:\/\/skillhunter.fr\/en\/our-offers\/#breadcrumb"},"inLanguage":"en-US","potentialAction":[{"@type":"ReadAction","target":["https:\/\/skillhunter.fr\/en\/our-offers\/"]}]},{"@type":"BreadcrumbList","@id":"https:\/\/skillhunter.fr\/en\/our-offers\/#breadcrumb","itemListElement":[{"@type":"ListItem","position":1,"name":"Accueil","item":"https:\/\/skillhunter.fr\/en\/"},{"@type":"ListItem","position":2,"name":"Our offers"}]},{"@type":"WebSite","@id":"https:\/\/skillhunter.fr\/#website","url":"https:\/\/skillhunter.fr\/","name":"Skill Hunter","description":"","publisher":{"@id":"https:\/\/skillhunter.fr\/#organization"},"potentialAction":[{"@type":"SearchAction","target":{"@type":"EntryPoint","urlTemplate":"https:\/\/skillhunter.fr\/?s={search_term_string}"},"query-input":{"@type":"PropertyValueSpecification","valueRequired":true,"valueName":"search_term_string"}}],"inLanguage":"en-US"},{"@type":"Organization","@id":"https:\/\/skillhunter.fr\/#organization","name":"Skill Hunter","url":"https:\/\/skillhunter.fr\/","logo":{"@type":"ImageObject","inLanguage":"en-US","@id":"https:\/\/skillhunter.fr\/#\/schema\/logo\/image\/","url":"https:\/\/skillhunter.fr\/wp-content\/uploads\/2024\/03\/skilllogo_dark_green.png","contentUrl":"https:\/\/skillhunter.fr\/wp-content\/uploads\/2024\/03\/skilllogo_dark_green.png","width":434,"height":434,"caption":"Skill Hunter"},"image":{"@id":"https:\/\/skillhunter.fr\/#\/schema\/logo\/image\/"}}]}},"uagb_featured_image_src":{"full":false,"thumbnail":false,"medium":false,"medium_large":false,"large":false,"1536x1536":false,"2048x2048":false},"uagb_author_info":{"display_name":"K\u00e9vin D\u00e9r\u00e9cusson","author_link":"https:\/\/skillhunter.fr\/en\/author\/forestgreen-rook-341832-hostingersite-com\/"},"uagb_comment_info":0,"uagb_excerpt":"Our offers","_links":{"self":[{"href":"https:\/\/skillhunter.fr\/en\/wp-json\/wp\/v2\/pages\/6389","targetHints":{"allow":["GET"]}}],"collection":[{"href":"https:\/\/skillhunter.fr\/en\/wp-json\/wp\/v2\/pages"}],"about":[{"href":"https:\/\/skillhunter.fr\/en\/wp-json\/wp\/v2\/types\/page"}],"author":[{"embeddable":true,"href":"https:\/\/skillhunter.fr\/en\/wp-json\/wp\/v2\/users\/1"}],"replies":[{"embeddable":true,"href":"https:\/\/skillhunter.fr\/en\/wp-json\/wp\/v2\/comments?post=6389"}],"version-history":[{"count":2,"href":"https:\/\/skillhunter.fr\/en\/wp-json\/wp\/v2\/pages\/6389\/revisions"}],"predecessor-version":[{"id":6391,"href":"https:\/\/skillhunter.fr\/en\/wp-json\/wp\/v2\/pages\/6389\/revisions\/6391"}],"wp:attachment":[{"href":"https:\/\/skillhunter.fr\/en\/wp-json\/wp\/v2\/media?parent=6389"}],"curies":[{"name":"wp","href":"https:\/\/api.w.org\/{rel}","templated":true}]}}