{"id":6355,"date":"2024-04-23T11:15:13","date_gmt":"2024-04-23T09:15:13","guid":{"rendered":"https:\/\/skillhunter.fr\/apply\/"},"modified":"2025-04-28T15:41:08","modified_gmt":"2025-04-28T13:41:08","slug":"apply","status":"publish","type":"page","link":"https:\/\/skillhunter.fr\/en\/apply\/","title":{"rendered":"Apply"},"content":{"rendered":"\n<div class=\"wp-block-uagb-container contact-container uagb-block-19e93b0e alignfull uagb-is-root-container\">\n<div class=\"wp-block-uagb-container uagb-block-ab1a36ad\">\n<div class=\"wp-block-uagb-advanced-heading uagb-block-034bb88a\"><h1 class=\"uagb-heading-text\">Apply<\/h1><\/div>\n<\/div>\n\n\n\n<div class=\"wp-block-uagb-container uagb-block-85f27761\">\n<div class=\"forminator-guttenberg\"><div class=\"forminator-ui forminator-custom-form forminator-custom-form-933 forminator-design--material forminator-enclosed forminator_ajax\" data-forminator-render=\"0\" data-form=\"forminator-module-933\" data-uid=\"69f2521b6d1f8\"><br\/><\/div><form\n\t\t\t\tid=\"forminator-module-933\"\n\t\t\t\tclass=\"forminator-ui forminator-custom-form forminator-custom-form-933 forminator-design--material forminator-enclosed forminator_ajax\"\n\t\t\t\tmethod=\"post\"\n\t\t\t\tdata-forminator-render=\"0\"\n\t\t\t\tdata-form-id=\"933\"\n\t\t\t\t\n\t\t\t\tdata-design=\"material\"\n\t\t\t\t\n\t\t\t\t\n\t\t\t\t\n\t\t\t\tdata-grid=\"enclosed\"\n\t\t\t\tenctype=\"multipart\/form-data\"\n\t\t\t\t\n\t\t\t\tstyle=\"display: none;\"\n\t\t\t\t\n\t\t\t\tdata-uid=\"69f2521b6d1f8\"\n\t\t\t><div role=\"alert\" aria-live=\"polite\" class=\"forminator-response-message forminator-error\" aria-hidden=\"true\"><\/div><div class=\"forminator-row\"><div id=\"name-1\" class=\"forminator-field-name forminator-col forminator-col-12 \"><div class=\"forminator-row forminator-no-margin\" data-multiple=\"true\"><div class=\"forminator-col forminator-col-md-6\"><div class=\"forminator-field\"><label for=\"forminator-field-first-name-1_69f2521b6d1f8\" id=\"forminator-field-first-name-1_69f2521b6d1f8-label\" class=\"forminator-label\">Pr\u00e9nom <span class=\"forminator-required\">*<\/span><\/label><input type=\"text\" name=\"name-1-first-name\" placeholder=\"\" id=\"forminator-field-first-name-1_69f2521b6d1f8\" class=\"forminator-input\" aria-required=\"true\" data-multi=\"1\" value=\"\" \/><\/div><\/div><div class=\"forminator-col forminator-col-md-6\"><div class=\"forminator-field\"><label for=\"forminator-field-last-name-1_69f2521b6d1f8\" id=\"forminator-field-last-name-1_69f2521b6d1f8-label\" class=\"forminator-label\">Nom <span class=\"forminator-required\">*<\/span><\/label><input type=\"text\" name=\"name-1-last-name\" placeholder=\"\" id=\"forminator-field-last-name-1_69f2521b6d1f8\" class=\"forminator-input\" aria-required=\"true\" data-multi=\"1\" value=\"\" \/><\/div><\/div><\/div><\/div><\/div><div class=\"forminator-row\"><div id=\"email-1\" class=\"forminator-field-email forminator-col forminator-col-12 \"><div class=\"forminator-field\"><label for=\"forminator-field-email-1_69f2521b6d1f8\" id=\"forminator-field-email-1_69f2521b6d1f8-label\" class=\"forminator-label\">Adresse email <span class=\"forminator-required\">*<\/span><\/label><input type=\"email\" name=\"email-1\" value=\"\" placeholder=\"\" id=\"forminator-field-email-1_69f2521b6d1f8\" class=\"forminator-input forminator-email--field\" data-required=\"1\" aria-required=\"true\" \/><\/div><\/div><\/div><div class=\"forminator-row\"><div id=\"phone-1\" class=\"forminator-field-phone forminator-col forminator-col-12 \"><div class=\"forminator-field\"><label for=\"forminator-field-phone-1_69f2521b6d1f8\" id=\"forminator-field-phone-1_69f2521b6d1f8-label\" class=\"forminator-label\">T\u00e9l\u00e9phone <span class=\"forminator-required\">*<\/span><\/label><input type=\"text\" name=\"phone-1\" value=\"\" placeholder=\"\" id=\"forminator-field-phone-1_69f2521b6d1f8\" class=\"forminator-input forminator-field--phone\" data-required=\"1\" aria-required=\"true\" autocomplete=\"off\" maxlength=\"31\" data-validation=\"character_limit\" \/><span id=\"forminator-field-phone-1_69f2521b6d1f8-description\" class=\"forminator-description\" id=\"forminator-field-phone-1_69f2521b6d1f8-description\"><span data-limit=\"31\" data-type=\"\">0 \/ 31<\/span><\/span><\/div><\/div><\/div><div class=\"forminator-row\"><div id=\"url-1\" class=\"forminator-field-url forminator-col forminator-col-12 \"><div class=\"forminator-field\"><label for=\"forminator-field-url-1_69f2521b6d1f8\" id=\"forminator-field-url-1_69f2521b6d1f8-label\" class=\"forminator-label\">Profil LinkedIn<\/label><input type=\"url\" name=\"url-1\" value=\"\" placeholder=\"linkedin.com\/in\/example\/\" id=\"forminator-field-url-1_69f2521b6d1f8\" class=\"forminator-input forminator-website--field\" data-required=\"\" aria-required=\"false\" \/><\/div><\/div><\/div><div class=\"forminator-row\"><div id=\"url-2\" class=\"forminator-field-url forminator-col forminator-col-12 \"><div class=\"forminator-field\"><label for=\"forminator-field-url-2_69f2521b6d1f8\" id=\"forminator-field-url-2_69f2521b6d1f8-label\" class=\"forminator-label\">Portfolio<\/label><input type=\"url\" name=\"url-2\" value=\"\" placeholder=\"example.com\" id=\"forminator-field-url-2_69f2521b6d1f8\" class=\"forminator-input forminator-website--field\" data-required=\"\" aria-required=\"false\" \/><\/div><\/div><\/div><div class=\"forminator-row\"><div id=\"textarea-1\" class=\"forminator-field-textarea forminator-col forminator-col-12 \"><div class=\"forminator-field\"><label for=\"forminator-field-textarea-1_69f2521b6d1f8\" id=\"forminator-field-textarea-1_69f2521b6d1f8-label\" class=\"forminator-label\">Votre message<\/label><textarea name=\"textarea-1\" placeholder=\"\" id=\"forminator-field-textarea-1_69f2521b6d1f8\" class=\"forminator-textarea\" rows=\"6\" style=\"min-height:140px;\" maxlength=\"2000\" ><\/textarea><span id=\"forminator-field-textarea-1_69f2521b6d1f8-description\" class=\"forminator-description\"><span data-limit=\"2000\" data-type=\"characters\" data-editor=\"\">0 \/ 2000<\/span><\/span><\/div><\/div><\/div><div class=\"forminator-row\"><div id=\"upload-1\" class=\"forminator-field-upload forminator-col forminator-col-12 \"><div class=\"forminator-field\"><label for=\"forminator-field-upload-1_69f2521b6d1f8\" id=\"forminator-field-upload-1_69f2521b6d1f8-label\" class=\"forminator-label\">Votre CV<\/label><div class=\"forminator-file-upload \" data-element=\"upload-1_69f2521b6d1f8\"><input type=\"file\" name=\"upload-1\" id=\"forminator-field-upload-1_69f2521b6d1f8\" class=\"forminator-input-file\" accept=\".webp,.avif,.png,.jpg,.jpeg,.jpe,.pdf\"><button id=\"forminator-field-upload-1_69f2521b6d1f8_button\" class=\"forminator-button forminator-button-upload\" data-id=\"forminator-field-upload-1_69f2521b6d1f8\">Choose File<\/button><span data-empty-text=\"No file chosen\">No file chosen<\/span><button class=\"forminator-button-delete\" style=\"display: none;\"><i class=\"forminator-icon-close\" aria-hidden=\"true\"><\/i><span class=\"forminator-screen-reader-only\">Delete uploaded file<\/span><\/button><\/div><\/div><\/div><\/div><div class=\"forminator-row\"><div id=\"captcha-1\" class=\"forminator-field-captcha forminator-col forminator-col-12 \"><div class=\"forminator-captcha-left forminator-g-recaptcha recaptcha-invisible\" data-theme=\"light\" data-badge=\"bottomright\" data-sitekey=\"6Le3zgsqAAAAAJQaKiVDx4LvvkT74p30mwYdyHT1\" data-size=\"invisible\"><\/div> <\/div><\/div><div class=\"forminator-row forminator-hidden\"><input type=\"hidden\" id=\"hidden-1_69f2521b6d1f8\" name=\"hidden-1\" value=\"\" \/><input type=\"hidden\" id=\"hidden-2_69f2521b6d1f8\" name=\"hidden-2\" value=\"\" \/><\/div><input type=\"hidden\" name=\"referer_url\" value=\"\" \/><div class=\"forminator-row forminator-row-last\"><div class=\"forminator-col\"><div class=\"forminator-field\"><button class=\"forminator-button forminator-button-submit primary-button\"><span>Envoyer ma candidature<\/span><span aria-hidden=\"true\"><\/span><\/button><\/div><\/div><\/div><input type=\"hidden\" id=\"forminator_nonce\" name=\"forminator_nonce\" value=\"bb95ae94a1\" \/><input type=\"hidden\" name=\"_wp_http_referer\" value=\"\/en\/wp-json\/wp\/v2\/pages\/6355\" \/><input type=\"hidden\" name=\"form_id\" value=\"933\"><input type=\"hidden\" name=\"page_id\" value=\"6355\"><input type=\"hidden\" name=\"form_type\" value=\"default\"><input type=\"hidden\" name=\"current_url\" value=\"https:\/\/skillhunter.fr\/en\/apply\/\"><input type=\"hidden\" name=\"render_id\" value=\"0\"><input type=\"hidden\" name=\"action\" value=\"forminator_submit_form_custom-forms\"><label for=\"input_10\" class=\"forminator-hidden\" aria-hidden=\"true\">Please do not fill in this field. <input id=\"input_10\" type=\"text\" name=\"input_10\" value=\"\" autocomplete=\"off\"><\/label><\/form><\/div>\n<\/div>\n<\/div>\n","protected":false},"excerpt":{"rendered":"<p>Apply<\/p>\n","protected":false},"author":1,"featured_media":0,"parent":0,"menu_order":0,"comment_status":"closed","ping_status":"closed","template":"","meta":{"inline_featured_image":false,"_uag_custom_page_level_css":"","site-sidebar-layout":"default","site-content-layout":"","ast-site-content-layout":"","site-content-style":"default","site-sidebar-style":"default","ast-global-header-display":"","ast-banner-title-visibility":"","ast-main-header-display":"","ast-hfb-above-header-display":"","ast-hfb-below-header-display":"","ast-hfb-mobile-header-display":"","site-post-title":"disabled","ast-breadcrumbs-content":"","ast-featured-img":"","footer-sml-layout":"","theme-transparent-header-meta":"","adv-header-id-meta":"","stick-header-meta":"","header-above-stick-meta":"","header-main-stick-meta":"","header-below-stick-meta":"","astra-migrate-meta-layouts":"default","ast-page-background-enabled":"default","ast-page-background-meta":{"desktop":{"background-color":"var(--ast-global-color-4)","background-image":"","background-repeat":"repeat","background-position":"center center","background-size":"auto","background-attachment":"scroll","background-type":"","background-media":"","overlay-type":"","overlay-color":"","overlay-opacity":"","overlay-gradient":""},"tablet":{"background-color":"","background-image":"","background-repeat":"repeat","background-position":"center center","background-size":"auto","background-attachment":"scroll","background-type":"","background-media":"","overlay-type":"","overlay-color":"","overlay-opacity":"","overlay-gradient":""},"mobile":{"background-color":"","background-image":"","background-repeat":"repeat","background-position":"center center","background-size":"auto","background-attachment":"scroll","background-type":"","background-media":"","overlay-type":"","overlay-color":"","overlay-opacity":"","overlay-gradient":""}},"ast-content-background-meta":{"desktop":{"background-color":"var(--ast-global-color-5)","background-image":"","background-repeat":"repeat","background-position":"center center","background-size":"auto","background-attachment":"scroll","background-type":"","background-media":"","overlay-type":"","overlay-color":"","overlay-opacity":"","overlay-gradient":""},"tablet":{"background-color":"var(--ast-global-color-5)","background-image":"","background-repeat":"repeat","background-position":"center center","background-size":"auto","background-attachment":"scroll","background-type":"","background-media":"","overlay-type":"","overlay-color":"","overlay-opacity":"","overlay-gradient":""},"mobile":{"background-color":"var(--ast-global-color-5)","background-image":"","background-repeat":"repeat","background-position":"center center","background-size":"auto","background-attachment":"scroll","background-type":"","background-media":"","overlay-type":"","overlay-color":"","overlay-opacity":"","overlay-gradient":""}},"footnotes":""},"class_list":["post-6355","page","type-page","status-publish","hentry"],"yoast_head":"<!-- This site is optimized with the Yoast SEO plugin v26.8 - https:\/\/yoast.com\/product\/yoast-seo-wordpress\/ -->\n<title>Apply - Skill Hunter<\/title>\n<meta name=\"robots\" content=\"index, follow, max-snippet:-1, max-image-preview:large, max-video-preview:-1\" \/>\n<link rel=\"canonical\" href=\"https:\/\/skillhunter.fr\/candidater\/\" \/>\n<meta property=\"og:locale\" content=\"en_US\" \/>\n<meta property=\"og:type\" content=\"article\" \/>\n<meta property=\"og:title\" content=\"Apply - Skill Hunter\" \/>\n<meta property=\"og:description\" content=\"Apply\" \/>\n<meta property=\"og:url\" content=\"https:\/\/skillhunter.fr\/candidater\/\" \/>\n<meta property=\"og:site_name\" content=\"Skill Hunter\" \/>\n<meta property=\"article:modified_time\" content=\"2025-04-28T13:41:08+00:00\" \/>\n<meta name=\"twitter:card\" content=\"summary_large_image\" \/>\n<script type=\"application\/ld+json\" class=\"yoast-schema-graph\">{\"@context\":\"https:\/\/schema.org\",\"@graph\":[{\"@type\":\"WebPage\",\"@id\":\"https:\/\/skillhunter.fr\/candidater\/\",\"url\":\"https:\/\/skillhunter.fr\/candidater\/\",\"name\":\"Apply - Skill Hunter\",\"isPartOf\":{\"@id\":\"https:\/\/skillhunter.fr\/#website\"},\"datePublished\":\"2024-04-23T09:15:13+00:00\",\"dateModified\":\"2025-04-28T13:41:08+00:00\",\"breadcrumb\":{\"@id\":\"https:\/\/skillhunter.fr\/candidater\/#breadcrumb\"},\"inLanguage\":\"en-US\",\"potentialAction\":[{\"@type\":\"ReadAction\",\"target\":[\"https:\/\/skillhunter.fr\/candidater\/\"]}]},{\"@type\":\"BreadcrumbList\",\"@id\":\"https:\/\/skillhunter.fr\/candidater\/#breadcrumb\",\"itemListElement\":[{\"@type\":\"ListItem\",\"position\":1,\"name\":\"Accueil\",\"item\":\"https:\/\/skillhunter.fr\/en\/\"},{\"@type\":\"ListItem\",\"position\":2,\"name\":\"Apply\"}]},{\"@type\":\"WebSite\",\"@id\":\"https:\/\/skillhunter.fr\/#website\",\"url\":\"https:\/\/skillhunter.fr\/\",\"name\":\"Skill Hunter\",\"description\":\"\",\"publisher\":{\"@id\":\"https:\/\/skillhunter.fr\/#organization\"},\"potentialAction\":[{\"@type\":\"SearchAction\",\"target\":{\"@type\":\"EntryPoint\",\"urlTemplate\":\"https:\/\/skillhunter.fr\/?s={search_term_string}\"},\"query-input\":{\"@type\":\"PropertyValueSpecification\",\"valueRequired\":true,\"valueName\":\"search_term_string\"}}],\"inLanguage\":\"en-US\"},{\"@type\":\"Organization\",\"@id\":\"https:\/\/skillhunter.fr\/#organization\",\"name\":\"Skill Hunter\",\"url\":\"https:\/\/skillhunter.fr\/\",\"logo\":{\"@type\":\"ImageObject\",\"inLanguage\":\"en-US\",\"@id\":\"https:\/\/skillhunter.fr\/#\/schema\/logo\/image\/\",\"url\":\"https:\/\/skillhunter.fr\/wp-content\/uploads\/2024\/03\/skilllogo_dark_green.png\",\"contentUrl\":\"https:\/\/skillhunter.fr\/wp-content\/uploads\/2024\/03\/skilllogo_dark_green.png\",\"width\":434,\"height\":434,\"caption\":\"Skill Hunter\"},\"image\":{\"@id\":\"https:\/\/skillhunter.fr\/#\/schema\/logo\/image\/\"}}]}<\/script>\n<!-- \/ Yoast SEO plugin. -->","yoast_head_json":{"title":"Apply - Skill Hunter","robots":{"index":"index","follow":"follow","max-snippet":"max-snippet:-1","max-image-preview":"max-image-preview:large","max-video-preview":"max-video-preview:-1"},"canonical":"https:\/\/skillhunter.fr\/candidater\/","og_locale":"en_US","og_type":"article","og_title":"Apply - Skill Hunter","og_description":"Apply","og_url":"https:\/\/skillhunter.fr\/candidater\/","og_site_name":"Skill Hunter","article_modified_time":"2025-04-28T13:41:08+00:00","twitter_card":"summary_large_image","schema":{"@context":"https:\/\/schema.org","@graph":[{"@type":"WebPage","@id":"https:\/\/skillhunter.fr\/candidater\/","url":"https:\/\/skillhunter.fr\/candidater\/","name":"Apply - Skill Hunter","isPartOf":{"@id":"https:\/\/skillhunter.fr\/#website"},"datePublished":"2024-04-23T09:15:13+00:00","dateModified":"2025-04-28T13:41:08+00:00","breadcrumb":{"@id":"https:\/\/skillhunter.fr\/candidater\/#breadcrumb"},"inLanguage":"en-US","potentialAction":[{"@type":"ReadAction","target":["https:\/\/skillhunter.fr\/candidater\/"]}]},{"@type":"BreadcrumbList","@id":"https:\/\/skillhunter.fr\/candidater\/#breadcrumb","itemListElement":[{"@type":"ListItem","position":1,"name":"Accueil","item":"https:\/\/skillhunter.fr\/en\/"},{"@type":"ListItem","position":2,"name":"Apply"}]},{"@type":"WebSite","@id":"https:\/\/skillhunter.fr\/#website","url":"https:\/\/skillhunter.fr\/","name":"Skill Hunter","description":"","publisher":{"@id":"https:\/\/skillhunter.fr\/#organization"},"potentialAction":[{"@type":"SearchAction","target":{"@type":"EntryPoint","urlTemplate":"https:\/\/skillhunter.fr\/?s={search_term_string}"},"query-input":{"@type":"PropertyValueSpecification","valueRequired":true,"valueName":"search_term_string"}}],"inLanguage":"en-US"},{"@type":"Organization","@id":"https:\/\/skillhunter.fr\/#organization","name":"Skill Hunter","url":"https:\/\/skillhunter.fr\/","logo":{"@type":"ImageObject","inLanguage":"en-US","@id":"https:\/\/skillhunter.fr\/#\/schema\/logo\/image\/","url":"https:\/\/skillhunter.fr\/wp-content\/uploads\/2024\/03\/skilllogo_dark_green.png","contentUrl":"https:\/\/skillhunter.fr\/wp-content\/uploads\/2024\/03\/skilllogo_dark_green.png","width":434,"height":434,"caption":"Skill Hunter"},"image":{"@id":"https:\/\/skillhunter.fr\/#\/schema\/logo\/image\/"}}]}},"uagb_featured_image_src":{"full":false,"thumbnail":false,"medium":false,"medium_large":false,"large":false,"1536x1536":false,"2048x2048":false},"uagb_author_info":{"display_name":"K\u00e9vin D\u00e9r\u00e9cusson","author_link":"https:\/\/skillhunter.fr\/en\/author\/forestgreen-rook-341832-hostingersite-com\/"},"uagb_comment_info":0,"uagb_excerpt":"Apply","_links":{"self":[{"href":"https:\/\/skillhunter.fr\/en\/wp-json\/wp\/v2\/pages\/6355","targetHints":{"allow":["GET"]}}],"collection":[{"href":"https:\/\/skillhunter.fr\/en\/wp-json\/wp\/v2\/pages"}],"about":[{"href":"https:\/\/skillhunter.fr\/en\/wp-json\/wp\/v2\/types\/page"}],"author":[{"embeddable":true,"href":"https:\/\/skillhunter.fr\/en\/wp-json\/wp\/v2\/users\/1"}],"replies":[{"embeddable":true,"href":"https:\/\/skillhunter.fr\/en\/wp-json\/wp\/v2\/comments?post=6355"}],"version-history":[{"count":4,"href":"https:\/\/skillhunter.fr\/en\/wp-json\/wp\/v2\/pages\/6355\/revisions"}],"predecessor-version":[{"id":6421,"href":"https:\/\/skillhunter.fr\/en\/wp-json\/wp\/v2\/pages\/6355\/revisions\/6421"}],"wp:attachment":[{"href":"https:\/\/skillhunter.fr\/en\/wp-json\/wp\/v2\/media?parent=6355"}],"curies":[{"name":"wp","href":"https:\/\/api.w.org\/{rel}","templated":true}]}}